{"id":3165,"date":"2016-02-24T05:23:09","date_gmt":"2016-02-24T05:23:09","guid":{"rendered":"http:\/\/steeltrading.ch\/?page_id=1706"},"modified":"2021-01-17T13:52:29","modified_gmt":"2021-01-17T12:52:29","slug":"azienda","status":"publish","type":"page","link":"https:\/\/www.clima.ch\/index.php\/azienda\/","title":{"rendered":"Azienda"},"content":{"rendered":"<div class=\"fusion-fullwidth fullwidth-box fusion-builder-row-1 nonhundred-percent-fullwidth non-hundred-percent-height-scrolling\"  style='background-color: rgba(255,255,255,0);background-position: center center;background-repeat: no-repeat;padding-top:40px;padding-right:0px;padding-bottom:60px;padding-left:0px;'><div class=\"fusion-builder-row fusion-row \"><div  class=\"fusion-layout-column fusion_builder_column fusion_builder_column_1_2 fusion-builder-column-0 fusion-one-half fusion-column-first 1_2\"  style='margin-top:0px;margin-bottom:20px;width:48%; margin-right: 4%;'><div class=\"fusion-column-wrapper\" style=\"padding: 0px 0px 0px 0px;background-position:left top;background-repeat:no-repeat;-webkit-background-size:cover;-moz-background-size:cover;-o-background-size:cover;background-size:cover;\"   data-bg-url=\"\"><div class=\"fusion-text\"><p style=\"letter-spacing: 3px;\">BENVENUTO IN CLIMA SA<\/p>\n<\/div><div class=\"fusion-text\"><p>Gli obiettivi erano molto ambiziosi: coniugare un design straordinario con la conservazione del carattere originario dell\u2018edificio, creare un ambiente di lusso ma con un fabbisogno energetico ridotto al minimo. Grazie a una serie di idee geniali e alle tecnologie pi\u00f9 moderne e innovative, il binomio tra qualit\u00e0 della vita e sostenibilit\u00e0 e riuscito in maniera magistrale.<\/p>\n<\/div><div class=\"fusion-clearfix\"><\/div><\/div><\/div><div  class=\"fusion-layout-column fusion_builder_column fusion_builder_column_1_2 fusion-builder-column-1 fusion-one-half fusion-column-last 1_2\"  style='margin-top:0px;margin-bottom:20px;width:48%'><div class=\"fusion-column-wrapper\" style=\"padding: 0px 0px 0px 0px;background-position:left top;background-repeat:no-repeat;-webkit-background-size:cover;-moz-background-size:cover;-o-background-size:cover;background-size:cover;\"   data-bg-url=\"\"><style type=\"text\/css\"><\/style><div class=\"fusion-title title fusion-title-1 fusion-title-text fusion-title-size-two\" style=\"margin-top:0px;margin-bottom:30px;\"><h2 class=\"title-heading-left\" style=\"margin:0;\">Soluzioni di climatizzazione, ventilazione e refrigerazione.<\/h2><div class=\"title-sep-container\"><div class=\"title-sep sep-\" style=\"border-color:#e2e2e2;\"><\/div><\/div><\/div><div class=\"fusion-clearfix\"><\/div><\/div><\/div><\/div><\/div><div class=\"fusion-fullwidth fullwidth-box fusion-builder-row-2 nonhundred-percent-fullwidth non-hundred-percent-height-scrolling\"  style='background-color: #009559;background-position: center center;background-repeat: no-repeat;padding-top:90px;padding-right:0px;padding-bottom:57px;padding-left:0px;'><div class=\"fusion-builder-row fusion-row \"><div  class=\"fusion-layout-column fusion_builder_column fusion_builder_column_1_3 fusion-builder-column-2 fusion-one-third fusion-column-first 1_3\"  style='margin-top:0px;margin-bottom:40px;width:33.33%;width:calc(33.33% - ( ( 20px + 20px ) * 0.3333 ) );margin-right: 20px;'><div class=\"fusion-column-wrapper fusion-column-has-shadow\" style=\"background-color:#ffffff;border-bottom:4px solid #588e36;box-shadow:0px 20px 21px -13px #588e36;;padding: 60px 20px 50px 20px;background-position:left top;background-repeat:no-repeat;-webkit-background-size:cover;-moz-background-size:cover;-o-background-size:cover;background-size:cover;\"   data-bg-url=\"\"><div class=\"fusion-fa-align-center\"><i class=\"fb-icon-element-1 fb-icon-element fontawesome-icon fa-thumbs-up far circle-no\" style=\"font-size:110px;\"><\/i><\/div><style>i.fontawesome-icon.fb-icon-element-1{ color: #009559;}i.fontawesome-icon.fb-icon-element-1:hover { color: #009559;}<\/style><div class=\"fusion-text\"><p style=\"text-align: center; font-size: 16px; letter-spacing: 3px; margin-bottom: 0px; margin-top: 40px;\">ATTENTI NEL GESTIRE TUTTI I PROGETTI<\/p>\n<\/div><style type=\"text\/css\"><\/style><div class=\"fusion-title title fusion-title-2 fusion-title-center fusion-title-text fusion-title-size-three\" style=\"margin-top:0px;margin-bottom:0px;\"><div class=\"title-sep-container title-sep-container-left\"><div class=\"title-sep sep-\" style=\"border-color:#e2e2e2;\"><\/div><\/div><h3 class=\"title-heading-center\" style=\"margin:0;\">Responsabilit\u00e0<\/h3><div class=\"title-sep-container title-sep-container-right\"><div class=\"title-sep sep-\" style=\"border-color:#e2e2e2;\"><\/div><\/div><\/div><div class=\"fusion-clearfix\"><\/div><\/div><\/div><div  class=\"fusion-layout-column fusion_builder_column fusion_builder_column_1_3 fusion-builder-column-3 fusion-one-third 1_3\"  style='margin-top:0px;margin-bottom:40px;width:33.33%;width:calc(33.33% - ( ( 20px + 20px ) * 0.3333 ) );margin-right: 20px;'><div class=\"fusion-column-wrapper fusion-column-has-shadow\" style=\"background-color:#ffffff;border-bottom:4px solid #588e36;box-shadow:0px 20px 21px -13px #588e36;;padding: 60px 20px 50px 20px;background-position:left top;background-repeat:no-repeat;-webkit-background-size:cover;-moz-background-size:cover;-o-background-size:cover;background-size:cover;\"   data-bg-url=\"\"><div class=\"fusion-fa-align-center\"><i class=\"fb-icon-element-2 fb-icon-element fontawesome-icon fa-lightbulb far circle-no\" style=\"font-size:110px;\"><\/i><\/div><style>i.fontawesome-icon.fb-icon-element-2{ color: #009559;}i.fontawesome-icon.fb-icon-element-2:hover { color: #009559;}<\/style><div class=\"fusion-text\"><p style=\"text-align: center; font-size: 16px; letter-spacing: 3px; margin-bottom: 0px; margin-top: 40px;\">APPASSIONATI NEL NOSTRO LAVORO<\/p>\n<\/div><style type=\"text\/css\"><\/style><div class=\"fusion-title title fusion-title-3 fusion-title-center fusion-title-text fusion-title-size-three\" style=\"margin-top:0px;margin-bottom:0px;\"><div class=\"title-sep-container title-sep-container-left\"><div class=\"title-sep sep-\" style=\"border-color:#e2e2e2;\"><\/div><\/div><h3 class=\"title-heading-center\" style=\"margin:0;\">Creativit\u00e0<\/h3><div class=\"title-sep-container title-sep-container-right\"><div class=\"title-sep sep-\" style=\"border-color:#e2e2e2;\"><\/div><\/div><\/div><div class=\"fusion-clearfix\"><\/div><\/div><\/div><div  class=\"fusion-layout-column fusion_builder_column fusion_builder_column_1_3 fusion-builder-column-4 fusion-one-third fusion-column-last 1_3\"  style='margin-top:0px;margin-bottom:20px;width:33.33%;width:calc(33.33% - ( ( 20px + 20px ) * 0.3333 ) );'><div class=\"fusion-column-wrapper fusion-column-has-shadow\" style=\"background-color:#ffffff;border-bottom:4px solid #588e36;box-shadow:0px 21px 21px -13px #588e36;;padding: 60px 20px 50px 20px;background-position:left top;background-repeat:no-repeat;-webkit-background-size:cover;-moz-background-size:cover;-o-background-size:cover;background-size:cover;\"   data-bg-url=\"\"><div class=\"fusion-fa-align-center\"><i class=\"fb-icon-element-3 fb-icon-element fontawesome-icon fa-eye far circle-no\" style=\"font-size:110px;\"><\/i><\/div><style>i.fontawesome-icon.fb-icon-element-3{ color: #009559;}i.fontawesome-icon.fb-icon-element-3:hover { color: #009559;}<\/style><div class=\"fusion-text\"><p style=\"text-align: center; font-size: 16px; letter-spacing: 3px; margin-bottom: 0px; margin-top: 40px;\">PRECISI NEL CONTROLLARE IL RISULTATO<\/p>\n<\/div><style type=\"text\/css\"><\/style><div class=\"fusion-title title fusion-title-4 fusion-title-center fusion-title-text fusion-title-size-three\" style=\"margin-top:0px;margin-bottom:0px;\"><div class=\"title-sep-container title-sep-container-left\"><div class=\"title-sep sep-\" style=\"border-color:#e2e2e2;\"><\/div><\/div><h3 class=\"title-heading-center\" style=\"margin:0;\">Qualit\u00e0<\/h3><div class=\"title-sep-container title-sep-container-right\"><div class=\"title-sep sep-\" style=\"border-color:#e2e2e2;\"><\/div><\/div><\/div><div class=\"fusion-clearfix\"><\/div><\/div><\/div><\/div><\/div><div class=\"fusion-fullwidth fullwidth-box fusion-builder-row-3 fusion-parallax-none nonhundred-percent-fullwidth non-hundred-percent-height-scrolling\"  style='background-color: rgba(26,26,26,0.15);background-image: url(\"http:\/\/clima.ch\/wp-content\/uploads\/2020\/02\/contatti_1.jpg\");background-position: center top;background-repeat: no-repeat;background-blend-mode: multiply;padding-top:12%;padding-right:0px;padding-bottom:12%;padding-left:0px;-webkit-background-size:cover;-moz-background-size:cover;-o-background-size:cover;background-size:cover;'><div class=\"fusion-builder-row fusion-row \"><div  data-animationType=fadeInUp data-animationDuration=0.8 data-animationOffset=100% class=\"fusion-layout-column fusion_builder_column fusion_builder_column_1_1 fusion-builder-column-5 fusion-one-full fusion-column-first fusion-column-last fusion-animated 1_1\"  style='margin-top:0px;margin-bottom:0px;'><div class=\"fusion-column-wrapper\" style=\"border:10px solid #ffffff;padding: 4% 11% 5% 11%;background-position:left top;background-repeat:no-repeat;-webkit-background-size:cover;-moz-background-size:cover;-o-background-size:cover;background-size:cover;\"   data-bg-url=\"\"><div class=\"fusion-sep-clear\"><\/div><div class=\"fusion-separator fusion-full-width-sep sep-none\" style=\"margin-left: auto;margin-right: auto;margin-top:10px;\"><\/div><style type=\"text\/css\"><\/style><div class=\"fusion-title title fusion-title-5 fusion-title-center fusion-title-text fusion-title-size-two\" style=\"margin-top:0px;margin-bottom:20px;\"><div class=\"title-sep-container title-sep-container-left\"><div class=\"title-sep sep-\" style=\"border-color:#e2e2e2;\"><\/div><\/div><h2 class=\"title-heading-center\" style=\"margin:0;color:#ffffff;\">Contattaci e scopri le nostre soluzioni<\/h2><div class=\"title-sep-container title-sep-container-right\"><div class=\"title-sep sep-\" style=\"border-color:#e2e2e2;\"><\/div><\/div><\/div><div class=\"fusion-text\"><p style=\"text-align: center;\"><span style=\"color: #ffffff;\">Siamo pronti per nuove sfide<\/span><\/p>\n<\/div><div class=\"fusion-sep-clear\"><\/div><div class=\"fusion-separator fusion-full-width-sep sep-none\" style=\"margin-left: auto;margin-right: auto;margin-top:16px;\"><\/div><div class=\"fusion-button-wrapper fusion-aligncenter\"><style type=\"text\/css\">.fusion-button.button-1 {border-radius:2px;}<\/style><a class=\"fusion-button button-flat button-xlarge button-default button-1 fusion-button-default-span fusion-button-default-type\" target=\"_blank\" rel=\"noopener noreferrer\" href=\"http:\/\/clima.ch\/index.php\/contatti\/\"><span class=\"fusion-button-text\">Contattaci<\/span><\/a><\/div><div class=\"fusion-clearfix\"><\/div><\/div><\/div><\/div><\/div>\n","protected":false},"excerpt":{"rendered":"BENVENUTO IN CLIMA SA Gli obiettivi erano molto ambiziosi: coniugare un design straordinario con la conservazione del carattere originario dell\u2018edificio, creare un ambiente di lusso ma con un fabbisogno energetico ridotto al minimo. Grazie a una serie di idee geniali e alle tecnologie pi\u00f9 moderne e innovative, il binomio tra qualit\u00e0 della vita e sostenibilit\u00e0 [...]","protected":false},"author":1,"featured_media":0,"parent":0,"menu_order":0,"comment_status":"closed","ping_status":"closed","template":"100-width.php","meta":[],"_links":{"self":[{"href":"https:\/\/www.clima.ch\/index.php\/wp-json\/wp\/v2\/pages\/3165"}],"collection":[{"href":"https:\/\/www.clima.ch\/index.php\/wp-json\/wp\/v2\/pages"}],"about":[{"href":"https:\/\/www.clima.ch\/index.php\/wp-json\/wp\/v2\/types\/page"}],"author":[{"embeddable":true,"href":"https:\/\/www.clima.ch\/index.php\/wp-json\/wp\/v2\/users\/1"}],"replies":[{"embeddable":true,"href":"https:\/\/www.clima.ch\/index.php\/wp-json\/wp\/v2\/comments?post=3165"}],"version-history":[{"count":20,"href":"https:\/\/www.clima.ch\/index.php\/wp-json\/wp\/v2\/pages\/3165\/revisions"}],"predecessor-version":[{"id":3317,"href":"https:\/\/www.clima.ch\/index.php\/wp-json\/wp\/v2\/pages\/3165\/revisions\/3317"}],"wp:attachment":[{"href":"https:\/\/www.clima.ch\/index.php\/wp-json\/wp\/v2\/media?parent=3165"}],"curies":[{"name":"wp","href":"https:\/\/api.w.org\/{rel}","templated":true}]}}